{"id":2,"date":"2021-01-25T15:41:18","date_gmt":"2021-01-25T14:41:18","guid":{"rendered":"http:\/\/www.contributions.leprintempsiserois.fr\/?page_id=2"},"modified":"2021-05-02T11:37:51","modified_gmt":"2021-05-02T09:37:51","slug":"page-d-exemple","status":"publish","type":"page","link":"https:\/\/contributions.leprintempsiserois.fr\/","title":{"rendered":"<center>  <strong> Bienvenue sur le site participatif du printemps is\u00e9rois ! <\/strong> <\/center>"},"content":{"rendered":"\n<div style=\"height:31px\" aria-hidden=\"true\" class=\"wp-block-spacer\"><\/div>\n\n\n\n<div class=\"wp-block-columns alignfull are-vertically-aligned-center is-layout-flex wp-container-core-columns-is-layout-9d6595d7 wp-block-columns-is-layout-flex\">\n<div class=\"wp-block-column is-vertically-aligned-center is-layout-flow wp-block-column-is-layout-flow\">\n<figure class=\"wp-block-video aligncenter\"><video height=\"1080\" style=\"aspect-ratio: 1920 \/ 1080;\" width=\"1920\" controls poster=\"https:\/\/contributions.leprintempsiserois.fr\/wp-content\/uploads\/2021\/05\/Capture-1.png\" src=\"https:\/\/contributions.leprintempsiserois.fr\/wp-content\/uploads\/2021\/04\/VIDEO_TUTO_SITE_CONTRIB_PRINTEMPSISEROIS-V2.mp4\"><\/video><\/figure>\n<\/div>\n\n\n\n<div class=\"wp-block-column is-vertically-aligned-center is-layout-flow wp-block-column-is-layout-flow\">\n<p class=\"has-text-align-left\" style=\"font-size:17px\">\u00c0 vous la parole ! <\/p>\n\n\n\n<p class=\"has-text-align-left\">Pour participer, il vous suffit de vous enregistrer en quelques clics.<br>Vous pourrez alors formuler votre proposition, apporter votre soutien<br>en votant pour les contributions des autres internautes ou encore les commenter et les enrichir.<\/p>\n\n\n\n<p class=\"has-text-align-left\"><\/p>\n<\/div>\n<\/div>\n\n\n\n<div style=\"height:31px\" aria-hidden=\"true\" class=\"wp-block-spacer\"><\/div>\n\n\n\n<hr class=\"wp-block-separator aligncenter is-style-wide\"\/>\n\n\n\n<h6 class=\"has-text-align-center wp-block-heading\" style=\"font-size:21px\"> <center>Consulter les diff\u00e9rentes rubriques<\/center><\/h6>\n\n\n\n<p><\/p>\n\n\n\n<div class=\"wp-block-cover alignfull has-background-dim-20 has-background-dim\" style=\"min-height:150px;aspect-ratio:unset;\"><img loading=\"lazy\" decoding=\"async\" width=\"1024\" height=\"683\" class=\"wp-block-cover__image-background wp-image-6507\" alt=\"\" src=\"https:\/\/contributions.leprintempsiserois.fr\/wp-content\/uploads\/2021\/04\/1024-683-max.jpg\" style=\"object-position:63% 68%\" data-object-fit=\"cover\" data-object-position=\"63% 68%\" srcset=\"https:\/\/contributions.leprintempsiserois.fr\/wp-content\/uploads\/2021\/04\/1024-683-max.jpg 1024w, https:\/\/contributions.leprintempsiserois.fr\/wp-content\/uploads\/2021\/04\/1024-683-max-300x200.jpg 300w, https:\/\/contributions.leprintempsiserois.fr\/wp-content\/uploads\/2021\/04\/1024-683-max-768x512.jpg 768w\" sizes=\"auto, (max-width: 1024px) 100vw, 1024px\" \/><div class=\"wp-block-cover__inner-container is-layout-flow wp-block-cover-is-layout-flow\"><span class='mb-center maxbutton-9-center'><span class='maxbutton-9-container mb-container'><a class=\"maxbutton-9 maxbutton maxbutton-democratie-transparence\" href=\"https:\/\/contributions.leprintempsiserois.fr\/index.php\/community\/\"><span class='mb-text'>Toutes les rubriques<\/span><\/a><\/span><\/span>\n<\/div><\/div>\n\n\n\n<div style=\"height:15px\" aria-hidden=\"true\" class=\"wp-block-spacer\"><\/div>\n\n\n\n<div class=\"wp-block-cover alignfull has-background-dim-20 has-background-dim\" style=\"min-height:150px;aspect-ratio:unset;\"><img loading=\"lazy\" decoding=\"async\" width=\"2560\" height=\"1707\" class=\"wp-block-cover__image-background wp-image-6447\" alt=\"\" src=\"https:\/\/contributions.leprintempsiserois.fr\/wp-content\/uploads\/2021\/04\/hobi-industri-C-zgN_LEKb8-unsplash-scaled.jpg\" style=\"object-position:44% 59%\" data-object-fit=\"cover\" data-object-position=\"44% 59%\" srcset=\"https:\/\/contributions.leprintempsiserois.fr\/wp-content\/uploads\/2021\/04\/hobi-industri-C-zgN_LEKb8-unsplash-scaled.jpg 2560w, https:\/\/contributions.leprintempsiserois.fr\/wp-content\/uploads\/2021\/04\/hobi-industri-C-zgN_LEKb8-unsplash-300x200.jpg 300w, https:\/\/contributions.leprintempsiserois.fr\/wp-content\/uploads\/2021\/04\/hobi-industri-C-zgN_LEKb8-unsplash-1024x683.jpg 1024w, https:\/\/contributions.leprintempsiserois.fr\/wp-content\/uploads\/2021\/04\/hobi-industri-C-zgN_LEKb8-unsplash-768x512.jpg 768w, https:\/\/contributions.leprintempsiserois.fr\/wp-content\/uploads\/2021\/04\/hobi-industri-C-zgN_LEKb8-unsplash-1536x1024.jpg 1536w, https:\/\/contributions.leprintempsiserois.fr\/wp-content\/uploads\/2021\/04\/hobi-industri-C-zgN_LEKb8-unsplash-2048x1365.jpg 2048w\" sizes=\"auto, (max-width: 2560px) 100vw, 2560px\" \/><div class=\"wp-block-cover__inner-container is-layout-flow wp-block-cover-is-layout-flow\"><span class='mb-center maxbutton-6-center'><span class='maxbutton-6-container mb-container'><a class=\"maxbutton-6 maxbutton maxbutton-mobilites-logement-tourisme\" href=\"https:\/\/contributions.leprintempsiserois.fr\/index.php\/community\/mobilite-logement-tourisme\/\"><span class='mb-text'>Mobilit\u00e9s, logement, tourisme<\/span><\/a><\/span><\/span>\n<\/div><\/div>\n\n\n\n<div style=\"height:15px\" aria-hidden=\"true\" class=\"wp-block-spacer\"><\/div>\n\n\n\n<div class=\"wp-block-cover alignfull has-background-dim-20 has-background-dim\" style=\"min-height:150px;aspect-ratio:unset;\"><img loading=\"lazy\" decoding=\"async\" width=\"1024\" height=\"683\" class=\"wp-block-cover__image-background wp-image-6512\" alt=\"\" src=\"https:\/\/contributions.leprintempsiserois.fr\/wp-content\/uploads\/2021\/04\/1024-683-max-1.jpg\" style=\"object-position:51% 60%\" data-object-fit=\"cover\" data-object-position=\"51% 60%\" srcset=\"https:\/\/contributions.leprintempsiserois.fr\/wp-content\/uploads\/2021\/04\/1024-683-max-1.jpg 1024w, https:\/\/contributions.leprintempsiserois.fr\/wp-content\/uploads\/2021\/04\/1024-683-max-1-300x200.jpg 300w, https:\/\/contributions.leprintempsiserois.fr\/wp-content\/uploads\/2021\/04\/1024-683-max-1-768x512.jpg 768w\" sizes=\"auto, (max-width: 1024px) 100vw, 1024px\" \/><div class=\"wp-block-cover__inner-container is-layout-flow wp-block-cover-is-layout-flow\"><span class='mb-center maxbutton-1-center'><span class='maxbutton-1-container mb-container'><a class=\"maxbutton-1 maxbutton maxbutton-agriculture-alimentation-biodiversite\" href=\"https:\/\/contributions.leprintempsiserois.fr\/index.php\/community\/agriculture-alimentation-biodiversite\/\"><span class='mb-text'>Agriculture, alimentation, biodiversit\u00e9<\/span><\/a><\/span><\/span>\n<\/div><\/div>\n\n\n\n<div style=\"height:15px\" aria-hidden=\"true\" class=\"wp-block-spacer\"><\/div>\n\n\n\n<div class=\"wp-block-cover alignfull has-background-dim-20 has-background-dim\" style=\"min-height:150px;aspect-ratio:unset;\"><img loading=\"lazy\" decoding=\"async\" width=\"2560\" height=\"1707\" class=\"wp-block-cover__image-background wp-image-4850\" alt=\"\" src=\"https:\/\/contributions.leprintempsiserois.fr\/wp-content\/uploads\/2021\/04\/hush-naidoo-yo01Z-9HQAw-unsplash-scaled.jpg\" style=\"object-position:67% 73%\" data-object-fit=\"cover\" data-object-position=\"67% 73%\" srcset=\"https:\/\/contributions.leprintempsiserois.fr\/wp-content\/uploads\/2021\/04\/hush-naidoo-yo01Z-9HQAw-unsplash-scaled.jpg 2560w, https:\/\/contributions.leprintempsiserois.fr\/wp-content\/uploads\/2021\/04\/hush-naidoo-yo01Z-9HQAw-unsplash-300x200.jpg 300w, https:\/\/contributions.leprintempsiserois.fr\/wp-content\/uploads\/2021\/04\/hush-naidoo-yo01Z-9HQAw-unsplash-1024x683.jpg 1024w, https:\/\/contributions.leprintempsiserois.fr\/wp-content\/uploads\/2021\/04\/hush-naidoo-yo01Z-9HQAw-unsplash-768x512.jpg 768w, https:\/\/contributions.leprintempsiserois.fr\/wp-content\/uploads\/2021\/04\/hush-naidoo-yo01Z-9HQAw-unsplash-1536x1024.jpg 1536w, https:\/\/contributions.leprintempsiserois.fr\/wp-content\/uploads\/2021\/04\/hush-naidoo-yo01Z-9HQAw-unsplash-2048x1365.jpg 2048w\" sizes=\"auto, (max-width: 2560px) 100vw, 2560px\" \/><div class=\"wp-block-cover__inner-container is-layout-flow wp-block-cover-is-layout-flow\"><span class='mb-center maxbutton-7-center'><span class='maxbutton-7-container mb-container'><a class=\"maxbutton-7 maxbutton maxbutton-handicap-aines-sante\" href=\"https:\/\/contributions.leprintempsiserois.fr\/index.php\/community\/handicap-aines-sante\/\"><span class='mb-text'>Handicap, vieillesse, sant\u00e9<\/span><\/a><\/span><\/span>\n<\/div><\/div>\n\n\n\n<div style=\"height:15px\" aria-hidden=\"true\" class=\"wp-block-spacer\"><\/div>\n\n\n\n<div class=\"wp-block-cover alignfull has-background-dim-20 has-background-dim\" style=\"min-height:150px;aspect-ratio:unset;\"><img loading=\"lazy\" decoding=\"async\" width=\"2560\" height=\"1696\" class=\"wp-block-cover__image-background wp-image-4186\" alt=\"\" src=\"https:\/\/contributions.leprintempsiserois.fr\/wp-content\/uploads\/2021\/04\/remi-walle-UOwvwZ9Dy6w-unsplash-scaled.jpg\" style=\"object-position:60% 52%\" data-object-fit=\"cover\" data-object-position=\"60% 52%\" srcset=\"https:\/\/contributions.leprintempsiserois.fr\/wp-content\/uploads\/2021\/04\/remi-walle-UOwvwZ9Dy6w-unsplash-scaled.jpg 2560w, https:\/\/contributions.leprintempsiserois.fr\/wp-content\/uploads\/2021\/04\/remi-walle-UOwvwZ9Dy6w-unsplash-300x199.jpg 300w, https:\/\/contributions.leprintempsiserois.fr\/wp-content\/uploads\/2021\/04\/remi-walle-UOwvwZ9Dy6w-unsplash-1024x678.jpg 1024w, https:\/\/contributions.leprintempsiserois.fr\/wp-content\/uploads\/2021\/04\/remi-walle-UOwvwZ9Dy6w-unsplash-768x509.jpg 768w, https:\/\/contributions.leprintempsiserois.fr\/wp-content\/uploads\/2021\/04\/remi-walle-UOwvwZ9Dy6w-unsplash-1536x1017.jpg 1536w, https:\/\/contributions.leprintempsiserois.fr\/wp-content\/uploads\/2021\/04\/remi-walle-UOwvwZ9Dy6w-unsplash-2048x1356.jpg 2048w\" sizes=\"auto, (max-width: 2560px) 100vw, 2560px\" \/><div class=\"wp-block-cover__inner-container is-layout-flow wp-block-cover-is-layout-flow\"><span class='mb-center maxbutton-2-center'><span class='maxbutton-2-container mb-container'><a class=\"maxbutton-2 maxbutton maxbutton-aide-sociale-insertion\" href=\"https:\/\/contributions.leprintempsiserois.fr\/index.php\/community\/action-sociale\/\"><span class='mb-text'>Enfance, action sociale, pr\u00e9carit\u00e9<\/span><\/a><\/span><\/span>\n<\/div><\/div>\n\n\n\n<div style=\"height:15px\" aria-hidden=\"true\" class=\"wp-block-spacer\"><\/div>\n\n\n\n<div class=\"wp-block-cover alignfull has-background-dim-20 has-background-dim\" style=\"min-height:150px;aspect-ratio:unset;\"><img loading=\"lazy\" decoding=\"async\" width=\"1280\" height=\"719\" class=\"wp-block-cover__image-background wp-image-6510\" alt=\"\" src=\"https:\/\/contributions.leprintempsiserois.fr\/wp-content\/uploads\/2021\/04\/1280-719-max.jpg\" style=\"object-position:54% 68%\" data-object-fit=\"cover\" data-object-position=\"54% 68%\" srcset=\"https:\/\/contributions.leprintempsiserois.fr\/wp-content\/uploads\/2021\/04\/1280-719-max.jpg 1280w, https:\/\/contributions.leprintempsiserois.fr\/wp-content\/uploads\/2021\/04\/1280-719-max-300x169.jpg 300w, https:\/\/contributions.leprintempsiserois.fr\/wp-content\/uploads\/2021\/04\/1280-719-max-1024x575.jpg 1024w, https:\/\/contributions.leprintempsiserois.fr\/wp-content\/uploads\/2021\/04\/1280-719-max-768x431.jpg 768w\" sizes=\"auto, (max-width: 1280px) 100vw, 1280px\" \/><div class=\"wp-block-cover__inner-container is-layout-flow wp-block-cover-is-layout-flow\"><span class='mb-center maxbutton-3-center'><span class='maxbutton-3-container mb-container'><a class=\"maxbutton-3 maxbutton maxbutton-education-sport-culture\" href=\"https:\/\/contributions.leprintempsiserois.fr\/index.php\/community\/education-et-culture\/\"><span class='mb-text'>\u00c9ducation, sport et culture<\/span><\/a><\/span><\/span>\n<\/div><\/div>\n\n\n\n<div style=\"height:15px\" aria-hidden=\"true\" class=\"wp-block-spacer\"><\/div>\n\n\n\n<div class=\"wp-block-cover alignfull has-background-dim-20 has-background-dim\" style=\"min-height:150px;aspect-ratio:unset;\"><img loading=\"lazy\" decoding=\"async\" width=\"1024\" height=\"683\" class=\"wp-block-cover__image-background wp-image-4164\" alt=\"\" src=\"https:\/\/contributions.leprintempsiserois.fr\/wp-content\/uploads\/2021\/04\/chris-slupski-LeHpD4Jq_cU-unsplash2-1024x683.jpg\" data-object-fit=\"cover\" srcset=\"https:\/\/contributions.leprintempsiserois.fr\/wp-content\/uploads\/2021\/04\/chris-slupski-LeHpD4Jq_cU-unsplash2-1024x683.jpg 1024w, https:\/\/contributions.leprintempsiserois.fr\/wp-content\/uploads\/2021\/04\/chris-slupski-LeHpD4Jq_cU-unsplash2-300x200.jpg 300w, https:\/\/contributions.leprintempsiserois.fr\/wp-content\/uploads\/2021\/04\/chris-slupski-LeHpD4Jq_cU-unsplash2-768x512.jpg 768w, https:\/\/contributions.leprintempsiserois.fr\/wp-content\/uploads\/2021\/04\/chris-slupski-LeHpD4Jq_cU-unsplash2-1536x1024.jpg 1536w, https:\/\/contributions.leprintempsiserois.fr\/wp-content\/uploads\/2021\/04\/chris-slupski-LeHpD4Jq_cU-unsplash2-2048x1365.jpg 2048w\" sizes=\"auto, (max-width: 1024px) 100vw, 1024px\" \/><div class=\"wp-block-cover__inner-container is-layout-flow wp-block-cover-is-layout-flow\"><span class='mb-center maxbutton-4-center'><span class='maxbutton-4-container mb-container'><a class=\"maxbutton-4 maxbutton maxbutton-egalite-citoyennete\" href=\"https:\/\/contributions.leprintempsiserois.fr\/index.php\/community\/egalite-citoyennete\/\"><span class='mb-text'>\u00c9galit\u00e9, citoyennet\u00e9<\/span><\/a><\/span><\/span>\n<\/div><\/div>\n\n\n\n<div style=\"height:15px\" aria-hidden=\"true\" class=\"wp-block-spacer\"><\/div>\n\n\n\n<div class=\"wp-block-cover alignfull has-background-dim-20 has-background-dim\" style=\"min-height:150px;aspect-ratio:unset;\"><img loading=\"lazy\" decoding=\"async\" width=\"2560\" height=\"1706\" class=\"wp-block-cover__image-background wp-image-4864\" alt=\"\" src=\"https:\/\/contributions.leprintempsiserois.fr\/wp-content\/uploads\/2021\/04\/arnaud-jaegers-IBWJsMObnnU-unsplash-scaled.jpg\" style=\"object-position:58% 63%\" data-object-fit=\"cover\" data-object-position=\"58% 63%\" srcset=\"https:\/\/contributions.leprintempsiserois.fr\/wp-content\/uploads\/2021\/04\/arnaud-jaegers-IBWJsMObnnU-unsplash-scaled.jpg 2560w, https:\/\/contributions.leprintempsiserois.fr\/wp-content\/uploads\/2021\/04\/arnaud-jaegers-IBWJsMObnnU-unsplash-300x200.jpg 300w, https:\/\/contributions.leprintempsiserois.fr\/wp-content\/uploads\/2021\/04\/arnaud-jaegers-IBWJsMObnnU-unsplash-1024x683.jpg 1024w, https:\/\/contributions.leprintempsiserois.fr\/wp-content\/uploads\/2021\/04\/arnaud-jaegers-IBWJsMObnnU-unsplash-768x512.jpg 768w, https:\/\/contributions.leprintempsiserois.fr\/wp-content\/uploads\/2021\/04\/arnaud-jaegers-IBWJsMObnnU-unsplash-1536x1024.jpg 1536w, https:\/\/contributions.leprintempsiserois.fr\/wp-content\/uploads\/2021\/04\/arnaud-jaegers-IBWJsMObnnU-unsplash-2048x1365.jpg 2048w\" sizes=\"auto, (max-width: 2560px) 100vw, 2560px\" \/><div class=\"wp-block-cover__inner-container is-layout-flow wp-block-cover-is-layout-flow\"><span class='mb-center maxbutton-8-center'><span class='maxbutton-8-container mb-container'><a class=\"maxbutton-8 maxbutton maxbutton-democratie-transparence\" href=\"https:\/\/contributions.leprintempsiserois.fr\/index.php\/community\/democratie-transparence\/\"><span class='mb-text'>D\u00e9mocratie, transparence<\/span><\/a><\/span><\/span>\n<\/div><\/div>\n\n\n\n<div style=\"height:15px\" aria-hidden=\"true\" class=\"wp-block-spacer\"><\/div>\n\n\n\n<div class=\"wp-block-cover alignfull has-background-dim-20 has-background-dim\" style=\"min-height:150px;aspect-ratio:unset;\"><img loading=\"lazy\" decoding=\"async\" width=\"2560\" height=\"1920\" class=\"wp-block-cover__image-background wp-image-4167\" alt=\"\" src=\"https:\/\/contributions.leprintempsiserois.fr\/wp-content\/uploads\/2021\/04\/IMG_20190727_151920-2-1-scaled.jpg\" style=\"object-position:27% 70%\" data-object-fit=\"cover\" data-object-position=\"27% 70%\" srcset=\"https:\/\/contributions.leprintempsiserois.fr\/wp-content\/uploads\/2021\/04\/IMG_20190727_151920-2-1-scaled.jpg 2560w, https:\/\/contributions.leprintempsiserois.fr\/wp-content\/uploads\/2021\/04\/IMG_20190727_151920-2-1-300x225.jpg 300w, https:\/\/contributions.leprintempsiserois.fr\/wp-content\/uploads\/2021\/04\/IMG_20190727_151920-2-1-1024x768.jpg 1024w, https:\/\/contributions.leprintempsiserois.fr\/wp-content\/uploads\/2021\/04\/IMG_20190727_151920-2-1-768x576.jpg 768w, https:\/\/contributions.leprintempsiserois.fr\/wp-content\/uploads\/2021\/04\/IMG_20190727_151920-2-1-1536x1152.jpg 1536w, https:\/\/contributions.leprintempsiserois.fr\/wp-content\/uploads\/2021\/04\/IMG_20190727_151920-2-1-2048x1536.jpg 2048w\" sizes=\"auto, (max-width: 2560px) 100vw, 2560px\" \/><div class=\"wp-block-cover__inner-container is-layout-flow wp-block-cover-is-layout-flow\"><span class='mb-center maxbutton-5-center'><span class='maxbutton-5-container mb-container'><a class=\"maxbutton-5 maxbutton maxbutton-forum-libre\" href=\"https:\/\/contributions.leprintempsiserois.fr\/index.php\/community\/forum-libre\/\"><span class='mb-text'>Forum libre<\/span><\/a><\/span><\/span>\n<\/div><\/div>\n\n\n\n<p><\/p>\n","protected":false},"excerpt":{"rendered":"<p>\u00c0 vous la parole ! Pour participer, il vous suffit de vous enregistrer en quelques clics.Vous pourrez alors formuler votre proposition, apporter votre soutienen votant pour les contributions des autres internautes ou encore les commenter et les enrichir. Consulter les diff\u00e9rentes rubriques<\/p>\n","protected":false},"author":1,"featured_media":0,"parent":0,"menu_order":0,"comment_status":"closed","ping_status":"open","template":"","meta":{"footnotes":""},"class_list":["post-2","page","type-page","status-publish","hentry"],"_links":{"self":[{"href":"https:\/\/contributions.leprintempsiserois.fr\/index.php\/wp-json\/wp\/v2\/pages\/2","targetHints":{"allow":["GET"]}}],"collection":[{"href":"https:\/\/contributions.leprintempsiserois.fr\/index.php\/wp-json\/wp\/v2\/pages"}],"about":[{"href":"https:\/\/contributions.leprintempsiserois.fr\/index.php\/wp-json\/wp\/v2\/types\/page"}],"author":[{"embeddable":true,"href":"https:\/\/contributions.leprintempsiserois.fr\/index.php\/wp-json\/wp\/v2\/users\/1"}],"replies":[{"embeddable":true,"href":"https:\/\/contributions.leprintempsiserois.fr\/index.php\/wp-json\/wp\/v2\/comments?post=2"}],"version-history":[{"count":188,"href":"https:\/\/contributions.leprintempsiserois.fr\/index.php\/wp-json\/wp\/v2\/pages\/2\/revisions"}],"predecessor-version":[{"id":38880,"href":"https:\/\/contributions.leprintempsiserois.fr\/index.php\/wp-json\/wp\/v2\/pages\/2\/revisions\/38880"}],"wp:attachment":[{"href":"https:\/\/contributions.leprintempsiserois.fr\/index.php\/wp-json\/wp\/v2\/media?parent=2"}],"curies":[{"name":"wp","href":"https:\/\/api.w.org\/{rel}","templated":true}]}}