{"id":3,"date":"2021-01-25T15:41:18","date_gmt":"2021-01-25T14:41:18","guid":{"rendered":"http:\/\/www.contributions.leprintempsiserois.fr\/?page_id=3"},"modified":"2021-04-14T21:25:40","modified_gmt":"2021-04-14T19:25:40","slug":"politique-de-confidentialite","status":"publish","type":"page","link":"https:\/\/contributions.leprintempsiserois.fr\/index.php\/politique-de-confidentialite\/","title":{"rendered":"Mentions l\u00e9gales"},"content":{"rendered":"\n<h2 class=\"has-text-align-center wp-block-heading\">&#8211; Mentions l\u00e9gales &#8211;<\/h2>\n\n\n\n<p>Site internet participatif pour les \u00e9lections d\u00e9partementales des 20 et 27 juin 2021 en Is\u00e8re. Campagnes du Printemps Is\u00e9rois.<\/p>\n\n\n\n<div style=\"height:24px\" aria-hidden=\"true\" class=\"wp-block-spacer\"><\/div>\n\n\n\n<h3 class=\"wp-block-heading\">Nous contacter<\/h3>\n\n\n<div class=\"frm_forms  with_frm_style frm_style_style-formidable\" id=\"frm_form_2_container\" >\n<form enctype=\"multipart\/form-data\" method=\"post\" class=\"frm-show-form \" id=\"form_nouscontacter\"  >\n<div class=\"frm_form_fields \">\n<fieldset>\n<legend class=\"frm_screen_reader\">Nous contacter<\/legend>\n\n<div class=\"frm_fields_container\">\n<input type=\"hidden\" name=\"frm_action\" value=\"create\" \/>\n<input type=\"hidden\" name=\"form_id\" value=\"2\" \/>\n<input type=\"hidden\" name=\"frm_hide_fields_2\" id=\"frm_hide_fields_2\" value=\"\" \/>\n<input type=\"hidden\" name=\"form_key\" value=\"nouscontacter\" \/>\n<input type=\"hidden\" name=\"item_meta[0]\" value=\"\" \/>\n<input type=\"hidden\" id=\"frm_submit_entry_2\" name=\"frm_submit_entry_2\" value=\"6a2d547c32\" \/><input type=\"hidden\" name=\"_wp_http_referer\" value=\"\/index.php\/wp-json\/wp\/v2\/pages\/3\" \/><div id=\"frm_field_11_container\" class=\"frm_form_field form-field  frm_required_field frm_top_container frm_half\">\n    <label for=\"field_oakg5\" id=\"field_oakg5_label\" class=\"frm_primary_label\">Nom et pr\u00e9nom :\n        <span class=\"frm_required\" aria-hidden=\"true\">*<\/span>\n    <\/label>\n    <input type=\"text\" id=\"field_oakg5\" name=\"item_meta[11]\" value=\"\"  data-reqmsg=\"Ce champ ne peut pas \u00eatre vide\" aria-required=\"true\" data-invmsg=\"texte est non valide\" aria-invalid=\"false\"  \/>\n    \n    \n<\/div>\n<div id=\"frm_field_15_container\" class=\"frm_form_field form-field  frm_required_field frm_top_container frm_half\">\n    <label for=\"field_qroup\" id=\"field_qroup_label\" class=\"frm_primary_label\">Email\n        <span class=\"frm_required\" aria-hidden=\"true\">*<\/span>\n    <\/label>\n    <input type=\"email\" id=\"field_qroup\" name=\"item_meta[15]\" value=\"\"  data-reqmsg=\"Ce champ ne peut pas \u00eatre vide\" aria-required=\"true\" data-invmsg=\"Email est non valide\" aria-invalid=\"false\"  \/>\n    \n    \n<\/div>\n<div id=\"frm_field_16_container\" class=\"frm_form_field form-field  frm_top_container frm_third\">\n    <label for=\"field_n1x9m\" id=\"field_n1x9m_label\" class=\"frm_primary_label\">T\u00e9l\u00e9phone\n        <span class=\"frm_required\" aria-hidden=\"true\"><\/span>\n    <\/label>\n    <input type=\"tel\" id=\"field_n1x9m\" name=\"item_meta[16]\" value=\"\"  data-invmsg=\"T\u00e9l\u00e9phone est non valide\" aria-invalid=\"false\" pattern=\"((\\+\\d{1,3}(-|.| )?\\(?\\d\\)?(-| |.)?\\d{1,5})|(\\(?\\d{2,6}\\)?))(-|.| )?(\\d{3,4})(-|.| )?(\\d{4})(( x| ext)\\d{1,5}){0,1}$\"  \/>\n    \n    \n<\/div>\n<div id=\"frm_field_14_container\" class=\"frm_form_field form-field  frm_required_field frm_top_container frm_two_thirds\">\n    <label for=\"field_m77wc\" id=\"field_m77wc_label\" class=\"frm_primary_label\">Objet : \n        <span class=\"frm_required\" aria-hidden=\"true\">*<\/span>\n    <\/label>\n    <input type=\"text\" id=\"field_m77wc\" name=\"item_meta[14]\" value=\"\"  data-reqmsg=\"Ce champ ne peut pas \u00eatre vide\" aria-required=\"true\" data-invmsg=\"texte est non valide\" aria-invalid=\"false\"  \/>\n    \n    \n<\/div>\n<div id=\"frm_field_12_container\" class=\"frm_form_field form-field  frm_top_container\">\n    <label for=\"field_z25k0\" id=\"field_z25k0_label\" class=\"frm_primary_label\">Message :\n        <span class=\"frm_required\" aria-hidden=\"true\"><\/span>\n    <\/label>\n    <textarea name=\"item_meta[12]\" id=\"field_z25k0\" rows=\"5\"  data-invmsg=\"Message : est non valide\" aria-invalid=\"false\"  ><\/textarea>\n    \n    \n<\/div>\n\t<input type=\"hidden\" name=\"item_key\" value=\"\" \/>\n\t<div class=\"frm_submit\">\n\n<button class=\"frm_button_submit\" type=\"submit\"  >Envoyer<\/button>\n\n<\/div><\/div>\n<\/fieldset>\n<\/div>\n<\/form>\n<\/div>\n\n\n\n\n<h3 class=\"wp-block-heading\">H\u00e9bergement<\/h3>\n\n\n\n<p><strong>OVH<\/strong><br>2 rue Kellermann <br>59100 Roubaix \u2013 France<\/p>\n\n\n\n<h3 class=\"wp-block-heading\">Adresse et contact du propri\u00e9taire de l&rsquo;h\u00e9bergement<\/h3>\n\n\n\n<p>20 rue \u00c9mile Gueymard<br>38000 Grenoble \u2013 France<\/p>\n\n\n\n<p>04 76 87 67 55<\/p>\n\n\n\n<h3 class=\"wp-block-heading\">Directeur de la publication<\/h3>\n\n\n\n<p><\/p>\n\n\n\n<div style=\"height:81px\" aria-hidden=\"true\" class=\"wp-block-spacer\"><\/div>\n\n\n\n<h2 class=\"has-text-align-center wp-block-heading\">&#8211; Politique de confidentialit\u00e9 &#8211;<\/h2>\n\n\n\n<p>Cette politique de confidentialit\u00e9 \u00e9tablit comment contributions.leprintempsiserois.org utilise et prot\u00e8ge les donn\u00e9es et les informations que vous nous fournissez en vous enregistrant et en utilisant les outils propos\u00e9s sur ce site internet. Cela inclut uniquement et exclusivement les outils propos\u00e9s sur contributions.leprintempsiserois.org. Nous nous r\u00e9servons le droit de modifier la politique de confidentialit\u00e9 quand cela est n\u00e9cessaire. Les utilisateurs-trices enregistr\u00e9-es seront inform\u00e9-es par email de toute modification de la pr\u00e9sente politique de confidentialit\u00e9.<\/p>\n\n\n\n<h2 class=\"wp-block-heading\">1. Quelles informations nous collectons et comment nous les utilisons<\/h2>\n\n\n\n<h3 class=\"wp-block-heading\">1.1 Informations sur le compte et le profil d&rsquo;utilisateur<\/h3>\n\n\n\n<p>Vous devez obligatoirement vous enregistrer pour participer au forum. Il n&rsquo;est pas n\u00e9cessaire de vous enregistrer pour consulter les diff\u00e9rents messages. En vous enregistrant, vous devez obligatoirement nous transmettre certaines donn\u00e9es personnelles. Cela inclut le nom d&rsquo;affichage, un nom d&rsquo;utilisateur, un surnom, un mot de passe et votre adresse email personnelle. Votre nom d&rsquo;utilisateur sera toujours public. Vous pouvez modifier ces informations en vous rendant sur la page \u00ab\u00a0<a href=\"https:\/\/contributions.leprintempsiserois.fr\/index.php\/community\/account\">mon compte<\/a>\u00ab\u00a0.<\/p>\n\n\n\n<p>Une fois enregistr\u00e9-e, vous avez \u00e9galement la possibilit\u00e9 de renseigner et faire appara\u00eetre publiquement :<\/p>\n\n\n\n<ul class=\"wp-block-list\"><li>un titre,<\/li><li>un avatar,<\/li><li>une biographie (\u00e0 propos),<\/li><li>l&rsquo;adresse de votre site web,<\/li><li>votre activit\u00e9 professionnelle,<\/li><li>une signature,<\/li><li>l&rsquo;adresse de vos r\u00e9seaux sociaux,<\/li><li>votre pays de r\u00e9sidence,<\/li><li>votre fuseau horaire,<\/li><li>et d&rsquo;autres informations que vous souhaitez partager publiquement.<\/li><\/ul>\n\n\n\n<p>Par ailleurs, tandis que vous utilisez contributions.leprintempsiserois.org, les informations suivantes peuvent \u00eatre collect\u00e9es mais n&rsquo;apparaissent pas publiquement :<\/p>\n\n\n\n<ul class=\"wp-block-list\"><li>votre adresse IP (Internet Protocol) &#8211; non publique,<\/li><li>votre position g\u00e9ographique,<\/li><li>le navigateur internet utilis\u00e9 et sa version &#8211; non publics,<\/li><li>votre syst\u00e8me d&rsquo;exploitation &#8211; non public,<\/li><li>referral source &#8211; non publique,<\/li><li>la dur\u00e9e de visite, le nombre de pages consult\u00e9es et d&rsquo;autres informations de navigation.<\/li><\/ul>\n\n\n\n<p>La plupart des activit\u00e9s sur contributions.leprintempsiserois.org est publique, notamment les informations de votre profil dont il est fait r\u00e9f\u00e9rence plus haut dans la pr\u00e9sente politique de confidentialit\u00e9. Vous pouvez \u00e9galement choisir de publier votre localisation dans votre profil. Des informations vous concernant post\u00e9es sur l&rsquo;un des forums par un ou une autre utilisateur-trice peuvent \u00e9galement \u00eatre publiques, comme par exemple l&rsquo;utilisation d&rsquo;une mention \u00ab\u00a0@nickname\u00a0\u00bb dans les posts.<\/p>\n\n\n\n<p>Vous \u00eates enti\u00e8rement responsable des informations que vous transmettez \u00e0 travers l&rsquo;utilisation de nos services et vous devez choisir avec attention ce que vous souhaitez rendre public ou non, en particulier les donn\u00e9es personnelles sensibles.<\/p>\n\n\n\n<h3 class=\"wp-block-heading\">1.2 Informations de contact<\/h3>\n\n\n\n<p>Nous utilisons les informations de contact, telles que votre adresse email, pour authentifier votre compte dans le cadre de la protection contre les spams, la fraude et les abus et nous les conservons de mani\u00e8re s\u00e9curis\u00e9e. Nous utilisons \u00e9galement les informations de contact afin de personnaliser nos services, rendre possibles certaines fonctionnalit\u00e9s, comme par exemple la r\u00e9initialisation de mot de passe, ou encore pour vous envoyer des informations concernant notre communaut\u00e9 et vous informer de r\u00e9ponses aux rubriques pour lesquelles vous vous \u00eates abonn\u00e9-e. Vous pouvez \u00e9galement vous d\u00e9sinscrire de n&rsquo;importe quel email de notification.<\/p>\n\n\n\n<p>Si vous nous contactez par email ou via le formulaire de contact pr\u00e9sent dans les mentions l\u00e9gales du site, nous conservons le contenu de votre message, votre adresse email et les informations de contact afin de r\u00e9pondre \u00e0 votre requ\u00eate.<\/p>\n\n\n\n<h3 class=\"wp-block-heading\">1.3 Messages priv\u00e9s et communications non-publiques<\/h3>\n\n\n\n<p>Les fonctionnalit\u00e9s de messages priv\u00e9s, ou permettant de rendre un sujet priv\u00e9, ne sont pour l&rsquo;heure pas disponibles sur notre site internet. Si celles-ci venaient \u00e0 \u00eatre disponibles, nous conserverons le contenu de vos conversations et les informations qui y sont attach\u00e9es. Cela inclut : le contenu du message, les images, les informations des personnes avec qui vous avez communiqu\u00e9 et le moment o\u00f9 cela s&rsquo;est produit, afin de s\u00e9curiser le site et son utilisation.<\/p>\n\n\n\n<p>Nous partageons le contenu de vos messages priv\u00e9s aux personnes auxquelles vous les destinez. Nous ne les utilisons pas \u00e0 des fins de publicit\u00e9. Lorsque vous utilisez les messages priv\u00e9s pour communiquer, le destinataire re\u00e7oit une copie de vos communications sur contributions.leprintempsiserois.org &#8211; m\u00eame si vous supprimez votre version de ces messages depuis votre compte -, ils peuvent donc \u00eatre copi\u00e9s, stock\u00e9s ou repartag\u00e9s.<\/p>\n\n\n\n<h3 class=\"wp-block-heading\">1.4 Cookies<\/h3>\n\n\n\n<p>Un cookie est une petite portion de donn\u00e9es stock\u00e9e sur votre ordinateur ou votre terminal mobile. Comme de nombreux sites internet, nous utilisons les cookies et des technologies semblables afin de collecter des informations quant \u00e0 l&rsquo;utilisation de notre site internet. Les cookies ne sont pas utilis\u00e9s pour l&rsquo;ensemble des parties de ce site internet. N\u00e9anmoins, certaines fonctionnalit\u00e9s ne fonctionneront pas normalement si vous bloquez l&rsquo;utilisation des cookies. Ce site ne supporte pas la navigation priv\u00e9e.<\/p>\n\n\n\n<p><strong>Nous utilisons les cookies aux fins suivantes :<\/strong><\/p>\n\n\n\n<p>1.4.1 Authentification &#8211; Nous utilisons les cookies pour vous identifier et d\u00e9terminer quand vous vous connectez sur notre site internet. Nous utilisons ces informations pour d\u00e9tecter les visiteurs actuellement en ligne (rubriques et propositions) et les afficher m\u00eame si le contenu est encore en mod\u00e9ration (non approuv\u00e9 par un mod\u00e9rateur). Le nom d&rsquo;affichage est utilis\u00e9 pour afficher l&rsquo;auteur-trice de la rubrique ou de la proposition. Nous stockons \u00e9galement votre nom et votre email dans les cookies pour garder les champs remplis automatiquement lorsque vous cr\u00e9ez une nouvelle rubrique ou r\u00e9pondez \u00e0 une proposition (ainsi, vous n&rsquo;avez pas \u00e0 remplir les informations \u00e0 chaque fois que vous participez).<\/p>\n\n\n\n<p>1.4.2 Votre statut &#8211; Nous utilisons les cookies pour d\u00e9terminer si vous \u00eates connect\u00e9-e sur notre site internet.<\/p>\n\n\n\n<p>1.4.3 S\u00e9curit\u00e9 &#8211; Nous utilisons les cookies par mesure de s\u00e9curit\u00e9 afin de prot\u00e9ger votre compte. Cela inclut la pr\u00e9vention de l&rsquo;utilisation frauduleuse des informations d&rsquo;authentification et pour prot\u00e9ger notre site internet et ses services plus g\u00e9n\u00e9ralement.<\/p>\n\n\n\n<p>1.4.4 Nous utilisons Google Analytics pour analyser notre site internet. Google Analytics rassemble des informations sur l&rsquo;utilisation des sites internet en utilisant les cookies. La politique de confidentialit\u00e9 de Google est accessible sur le lien suivant : <a href=\"https:\/\/www.google.com\/policies\/privacy\/\">https:\/\/www.google.com\/policies\/privacy\/<\/a> .<\/p>\n\n\n\n<h3 class=\"wp-block-heading\">1.5 Log Data<\/h3>\n\n\n\n<p>Nous recevons des informations lorsque vous consultez du contenu ou que vous interagissez avec la communaut\u00e9, m\u00eame si vous n&rsquo;avez pas cr\u00e9\u00e9 de compte. Ces informations sont appel\u00e9es \u00ab\u00a0Log Data\u00a0\u00bb. Par exemple, lorsque vous visitez notre site internet ou lorsque vous vous enregistrez, nous recevons des informations \u00e0 votre sujet. Ces \u00ab\u00a0Log Data\u00a0\u00bb incluent des informations telles que votre adresse IP, le navigateur internet utilis\u00e9, votre syst\u00e8me d&rsquo;exploitation, les pages que vous visitez, l&rsquo;outil de navigation utilis\u00e9, etc.<\/p>\n\n\n\n<h2 class=\"wp-block-heading\">2. Partage et divulgation d&rsquo;informations<\/h2>\n\n\n\n<h3 class=\"wp-block-heading\">2.1 Comment nous partageons les informations que nous collectons<\/h3>\n\n\n\n<p>Vous devez \u00eatre au courant que les informations que vous renseignez et qui sont rendues publiques (associ\u00e9es \u00e0 votre compte et utilis\u00e9es pour vous identifier cf 1.1, 1.2, 1.3)&nbsp; peuvent \u00eatre collect\u00e9es par les visiteurs-teuses et les utilisateurs-trices du site. Vos messages et certaines informations sur votre profil peuvent rester m\u00eame apr\u00e8s la suppression de votre compte. Nous ne pouvons que vous exhorter \u00e0 consid\u00e9rer pr\u00e9cautionneusement la sensibilit\u00e9 des informations que vous divulguez et \u00e0 la mani\u00e8re dont vous les partagez.<\/p>\n\n\n\n<p>Conform\u00e9ment \u00e0 la r\u00e9glementation applicable, vous disposez d\u2019un droit d\u2019acc\u00e8s, de rectification et d\u2019effacement des donn\u00e9es vous concernant et d\u2019un droit \u00e0 la limitation du traitement de vos donn\u00e9es. Pour exercer vos droits, vous pouvez vous adresser \u00e0 support@leprintempsiserois.org.<\/p>\n\n\n\n<p>Si vous avez un compte ou si vous avez laiss\u00e9 des commentaires sur le site, vous pouvez demander \u00e0 recevoir un fichier contenant toutes les donn\u00e9es personnelles que nous poss\u00e9dons \u00e0 votre sujet, incluant celles que vous nous avez fournies. Vous pouvez \u00e9galement demander la suppression des donn\u00e9es personnelles vous concernant. Cela ne prend pas en compte les donn\u00e9es stock\u00e9es \u00e0 des fins administratives, l\u00e9gales ou pour des raisons de s\u00e9curit\u00e9.<\/p>\n\n\n\n<p>Dans certains cas, il nous sera impossible de supprimer des informations vous concernant. Auxquels cas, nous vous contacterons afin de vous exprimer les raisons de cette impossibilit\u00e9.<\/p>\n\n\n\n<h3 class=\"wp-block-heading\">2.2 Divulgation \u00e0 des tiers<\/h3>\n\n\n\n<p><strong>2.2.1<br><\/strong>En vous enregistrant sur notre site, vous acceptez que vos informations puissent \u00eatre utilis\u00e9es dans le cadre unique de la campagne des \u00e9lections d\u00e9partementales 2021 dans le d\u00e9partement de l\u2019Is\u00e8re. Ces informations pourront \u00eatre transmises aux candidats et candidates du Printemps Is\u00e9rois dans le cadre de leur campagne dans les circonscriptions d\u00e9partementales.<\/p>\n\n\n\n<p>Les administrateurs du site peuvent choisir d&rsquo;ajouter de nouvelles fonctionnalit\u00e9s au site internet. En le faisant, des applications tiers peuvent avoir acc\u00e8s \u00e0 des informations telles que votre nom et votre adresse email. Les applications disposent de leurs propres politique de confidentialit\u00e9 et mentions l\u00e9gales. La pr\u00e9sente politique ne couvre pas l&rsquo;utilisation des informations par des applications tiers. Nous vous encourageons \u00e0 consulter les politiques de confidentialit\u00e9 et les mentions l\u00e9gales de ces applications tiers avant d&rsquo;en accepter l&rsquo;utilisation. Si vous refusez que vos informations soient partag\u00e9es, merci de nous contacter le plus rapidement possible.<\/p>\n\n\n\n<p>Ci-apr\u00e8s, les applications tiers que nous utilisons :<\/p>\n\n\n\n<ul class=\"wp-block-list\"><li>Akismet (by Automattic Inc.) &#8211; Spam fighting service that protects millions of WordPress sites. Automattic Privacy Policy: <a href=\"https:\/\/automattic.com\/privacy\/\" target=\"_blank\" rel=\"noreferrer noopener\">https:\/\/automattic.com\/privacy\/<\/a><\/li><li>reCAPTCHA (by Google) &#8211; Protects internet users from spam and abuse wherever they go. Google Privacy Policy: <a href=\"https:\/\/policies.google.com\/privacy\" target=\"_blank\" rel=\"noreferrer noopener\">https:\/\/policies.google.com\/privacy<\/a><\/li><\/ul>\n\n\n\n<p><strong>2.2.2 Liens vers d&rsquo;autres sites internet : <\/strong>Le contenu de notre site internet ainsi que les messages des utilisateurs-trices peuvent int\u00e9grer des liens vers d&rsquo;autres sites internet. Ces sites ne sont pas concern\u00e9s par la pr\u00e9sente politique de confidentialit\u00e9 et disposent de leurs propres informations l\u00e9gales. Nous vous encourageons \u00e0 lire avec attention les mentions l\u00e9gales et la politique de confidentialit\u00e9 avant toute visite sur ces sites.<\/p>\n\n\n\n<p><strong>2.2.3 Widgets de r\u00e9seau social:<\/strong> Notre site contient des liens vers des r\u00e9seaux sociaux, leur politique de confidentialit\u00e9 \u00e9tant distincte et non concern\u00e9e par la pr\u00e9sente.<\/p>\n\n\n\n<h2 class=\"wp-block-heading\">3. Votre consentement \u00e0 cette politique de confidentialit\u00e9<\/h2>\n\n\n\n<p>En utilisant notre site, vous acceptez les termes et conditions de la pr\u00e9sente politique de confidentialit\u00e9.<\/p>\n\n\n\n<h2 class=\"wp-block-heading\">4. Nous contacter<\/h2>\n\n\n\n<p>Si vous avez des questions et\/ou demandes concernant la pr\u00e9sente politique de confidentialit\u00e9, merci de nous contacter via le formulaire pr\u00e9sent dans les mentions l\u00e9gales ou \u00e0 l&rsquo;adresse support@leprintempsiserois.org.<\/p>\n\n\n\n<div style=\"height:100px\" aria-hidden=\"true\" class=\"wp-block-spacer\"><\/div>\n\n\n\n<h2 class=\"has-text-align-center wp-block-heading\">&#8211; R\u00e8gles du forum &#8211;<\/h2>\n\n\n\n<p>Forum participatif autour des propositions politiques port\u00e9es par le Printemps Is\u00e9rois dans le cadre des \u00e9lections d\u00e9partementales des 20 et 27 juin 2021 en Is\u00e8re. La possibilit\u00e9 de d\u00e9bats ou d&rsquo;\u00e9changes sur ce forum suppose le respect des r\u00e8gles de biens\u00e9ance et le respect de la pluralit\u00e9 des id\u00e9es et opinions.<\/p>\n\n\n\n<ol class=\"wp-block-list\"><li>Tout message qui ne sera pas en rapport direct avec le sujet du site internet sera supprim\u00e9 par les mod\u00e9rateurs.<\/li><li>Pas de spam. Tout message automatique, toute publicit\u00e9 ou tout lien de sites internet concurrents sera supprim\u00e9 imm\u00e9diatement.<\/li><li>Les messages doivent \u00eatre en lien avec le sujet du forum. Tout message d\u00e9pos\u00e9 dans la mauvaise rubrique sera d\u00e9plac\u00e9 ou, s&rsquo;il n&rsquo;est pas en lien avec les sujets du forum, sera supprim\u00e9 par les mod\u00e9rateurs.<\/li><li>Respect des autres utilisateurs-trices. Aucun propos injurieux, discriminatoire ou de nature \u00e0 provoquer ne sera tol\u00e9r\u00e9 sur ce forum. Ceux-ci seront imm\u00e9diatement supprim\u00e9s. La tenue de tels propos peut amener \u00e0 un avertissement ou un bannissement de la part des mod\u00e9rateurs.<\/li><li>Le harc\u00e8lement, les menaces am\u00e8neront au bannissement imm\u00e9diat du forum.<\/li><li>Aucun contenu de nature profane ou pornographique ne sera tol\u00e9r\u00e9. Les messages seront supprim\u00e9s et l&rsquo;auteur-trice banni-e du forum.<\/li><li>Les contenus ill\u00e9gaux, non-respectueux de la propri\u00e9t\u00e9 intellectuelle ou des droits de reproduction, seront imm\u00e9diatement supprim\u00e9s et pourront donner lieu \u00e0 un avertissement ou un bannissement de la part des mod\u00e9rateurs.<\/li><\/ol>\n","protected":false},"excerpt":{"rendered":"<p>&#8211; Mentions l\u00e9gales &#8211; Site internet participatif pour les \u00e9lections d\u00e9partementales des 20 et 27 juin 2021 en Is\u00e8re. Campagnes du Printemps Is\u00e9rois. Nous contacter H\u00e9bergement OVH2 rue Kellermann 59100 Roubaix \u2013 France Adresse et contact du propri\u00e9taire de l&rsquo;h\u00e9bergement 20 rue \u00c9mile Gueymard38000 Grenoble \u2013 France 04 76 87 67 55 Directeur de la &hellip;<\/p>\n<p class=\"read-more\"> <a class=\"\" href=\"https:\/\/contributions.leprintempsiserois.fr\/index.php\/politique-de-confidentialite\/\"> <span class=\"screen-reader-text\">Mentions l\u00e9gales<\/span> Lire la suite\u00a0\u00bb<\/a><\/p>\n","protected":false},"author":1,"featured_media":0,"parent":0,"menu_order":0,"comment_status":"closed","ping_status":"closed","template":"","meta":{"footnotes":""},"class_list":["post-3","page","type-page","status-publish","hentry"],"_links":{"self":[{"href":"https:\/\/contributions.leprintempsiserois.fr\/index.php\/wp-json\/wp\/v2\/pages\/3","targetHints":{"allow":["GET"]}}],"collection":[{"href":"https:\/\/contributions.leprintempsiserois.fr\/index.php\/wp-json\/wp\/v2\/pages"}],"about":[{"href":"https:\/\/contributions.leprintempsiserois.fr\/index.php\/wp-json\/wp\/v2\/types\/page"}],"author":[{"embeddable":true,"href":"https:\/\/contributions.leprintempsiserois.fr\/index.php\/wp-json\/wp\/v2\/users\/1"}],"replies":[{"embeddable":true,"href":"https:\/\/contributions.leprintempsiserois.fr\/index.php\/wp-json\/wp\/v2\/comments?post=3"}],"version-history":[{"count":38,"href":"https:\/\/contributions.leprintempsiserois.fr\/index.php\/wp-json\/wp\/v2\/pages\/3\/revisions"}],"predecessor-version":[{"id":6549,"href":"https:\/\/contributions.leprintempsiserois.fr\/index.php\/wp-json\/wp\/v2\/pages\/3\/revisions\/6549"}],"wp:attachment":[{"href":"https:\/\/contributions.leprintempsiserois.fr\/index.php\/wp-json\/wp\/v2\/media?parent=3"}],"curies":[{"name":"wp","href":"https:\/\/api.w.org\/{rel}","templated":true}]}}